{"id":4560,"date":"2024-09-03T14:25:11","date_gmt":"2024-09-03T12:25:11","guid":{"rendered":"https:\/\/roda.travel\/destinaciones\/viajes-tematicos\/viaje-fotografico\/"},"modified":"2024-11-27T08:27:20","modified_gmt":"2024-11-27T07:27:20","slug":"viaje-fotografico","status":"publish","type":"page","link":"https:\/\/roda.travel\/es\/destinaciones\/viajes-tematicos\/viaje-fotografico\/","title":{"rendered":"VIAJE FOTOGR\u00c1FICO"},"content":{"rendered":"<p><div class=\"fusion-fullwidth fullwidth-box fusion-builder-row-1 fusion-flex-container has-pattern-background has-mask-background hundred-percent-fullwidth non-hundred-percent-height-scrolling\" style=\"--awb-border-radius-top-left:0px;--awb-border-radius-top-right:0px;--awb-border-radius-bottom-right:0px;--awb-border-radius-bottom-left:0px;--awb-padding-right:3%;--awb-padding-left:3%;--awb-margin-top:0px;--awb-margin-bottom:40px;--awb-flex-wrap:wrap;\" ><div class=\"fusion-builder-row fusion-row fusion-flex-align-items-flex-start fusion-flex-justify-content-center fusion-flex-content-wrap\" style=\"width:104% !important;max-width:104% !important;margin-left: calc(-4% \/ 2 );margin-right: calc(-4% \/ 2 );\"><div class=\"fusion-layout-column fusion_builder_column fusion-builder-column-0 fusion_builder_column_2_3 2_3 fusion-flex-column\" style=\"--awb-bg-size:cover;--awb-width-large:66.666666666667%;--awb-margin-top-large:0px;--awb-spacing-right-large:2.88%;--awb-margin-bottom-large:20px;--awb-spacing-left-large:2.88%;--awb-width-medium:100%;--awb-order-medium:0;--awb-spacing-right-medium:1.92%;--awb-spacing-left-medium:1.92%;--awb-width-small:100%;--awb-order-small:0;--awb-spacing-right-small:1.92%;--awb-spacing-left-small:1.92%;\" data-scroll-devices=\"small-visibility,medium-visibility,large-visibility\"><div class=\"fusion-column-wrapper fusion-column-has-shadow fusion-flex-justify-content-flex-start fusion-content-layout-column\"><div class=\"fusion-separator\" style=\"align-self: center;margin-left: auto;margin-right: auto;margin-top:35px;margin-bottom:20px;width:100%;max-width:170px;\"><div class=\"fusion-separator-border sep-single sep-solid\" style=\"--awb-height:20px;--awb-amount:20px;--awb-sep-color:var(--awb-color2);border-color:var(--awb-color2);border-top-width:25px;\"><\/div><\/div><div class=\"fusion-title title fusion-title-1 fusion-sep-none fusion-title-center fusion-title-text fusion-title-size-two\" style=\"--awb-margin-bottom:20px;--awb-margin-top-small:0px;--awb-margin-right-small:0px;--awb-margin-bottom-small:20px;--awb-margin-left-small:0px;--awb-font-size:35px;\"><h2 class=\"fusion-title-heading title-heading-center fusion-responsive-typography-calculated\" style=\"font-family:&quot;Lato&quot;;font-style:normal;font-weight:300;margin:0;text-transform:uppercase;font-size:1em;--fontSize:35;line-height:var(--awb-typography1-line-height);\">Viaje tem\u00e1tico de fotograf\u00eda<\/h2><\/div><\/div><\/div><\/div><\/div><div class=\"fusion-fullwidth fullwidth-box fusion-builder-row-2 fusion-flex-container has-pattern-background has-mask-background nonhundred-percent-fullwidth non-hundred-percent-height-scrolling\" style=\"--awb-border-radius-top-left:0px;--awb-border-radius-top-right:0px;--awb-border-radius-bottom-right:0px;--awb-border-radius-bottom-left:0px;--awb-flex-wrap:wrap;\" ><div class=\"fusion-builder-row fusion-row fusion-flex-align-items-flex-start fusion-flex-content-wrap\" style=\"max-width:1216.8px;margin-left: calc(-4% \/ 2 );margin-right: calc(-4% \/ 2 );\"><div class=\"fusion-layout-column fusion_builder_column fusion-builder-column-1 fusion_builder_column_1_2 1_2 fusion-flex-column\" style=\"--awb-bg-size:cover;--awb-width-large:50%;--awb-margin-top-large:50px;--awb-spacing-right-large:3.84%;--awb-margin-bottom-large:20px;--awb-spacing-left-large:3.84%;--awb-width-medium:100%;--awb-order-medium:0;--awb-spacing-right-medium:1.92%;--awb-spacing-left-medium:1.92%;--awb-width-small:100%;--awb-order-small:0;--awb-spacing-right-small:1.92%;--awb-spacing-left-small:1.92%;\" data-scroll-devices=\"small-visibility,medium-visibility,large-visibility\"><div class=\"fusion-column-wrapper fusion-column-has-shadow fusion-flex-justify-content-flex-start fusion-content-layout-column\"><div class=\"fusion-title title fusion-title-2 fusion-sep-none fusion-title-text fusion-title-size-three\" style=\"--awb-margin-bottom:50px;--awb-margin-top-small:0px;--awb-margin-right-small:0px;--awb-margin-bottom-small:20px;--awb-margin-left-small:0px;\"><h3 class=\"fusion-title-heading title-heading-left fusion-responsive-typography-calculated\" style=\"margin:0;--fontSize:24;--minFontSize:24;line-height:var(--awb-typography1-line-height);\">\u00bfQu\u00e9 es un viaje fotogr\u00e1fico de Roda el M\u00f3n?<\/h3><\/div><div class=\"fusion-text fusion-text-1\"><p>Estos viajes est\u00e1n pensados para grupos superreducidos, para garantizar la atenci\u00f3n absoluta de nuestro fot\u00f3grafo en todo momento. Acompa\u00f1ados por el propio fot\u00f3grafo experto en el destino que te garantiza una experiencia \u00fanica. Nuestros viajes fotogr\u00e1ficos requieren un ritmo pausado y mucha paciencia. A veces tomar \u201cla imagen\u201d que nosotros queremos lleva mucho tiempo y dedicaci\u00f3n. Durante el viaje nuestro experto est\u00e1 a vuestra disposici\u00f3n para darosasistencia, compartir conocimientos durante los desplazamientos y proponeros charlas y visionados siempre opcionales al final de la jornada. Haremos un encuentro previo para explicar el viaje, repasar nuestros equipos y cuatro consejos para aprovechar al m\u00e1ximo nuestras posibilidades. Acabando el viaje haremos un nuevo encuentro para ver y valorar los trabajos realizados y hablar de post producci\u00f3n<\/p>\n<\/div><div class=\"accordian fusion-accordian\" style=\"--awb-border-size:0px;--awb-icon-size:15px;--awb-content-font-size:15px;--awb-icon-alignment:left;--awb-hover-color:var(--awb-color1);--awb-border-color:var(--awb-color1);--awb-background-color:var(--awb-color2);--awb-divider-color:var(--awb-color3);--awb-divider-hover-color:var(--awb-color3);--awb-icon-color:var(--awb-color7);--awb-title-color:var(--awb-color7);--awb-content-color:var(--awb-color5);--awb-icon-box-color:var(--awb-color7);--awb-toggle-hover-accent-color:var(--awb-color4);--awb-title-font-family:&quot;Lato&quot;;--awb-title-font-weight:700;--awb-title-font-style:normal;--awb-title-font-size:20px;--awb-content-font-family:&quot;Open Sans&quot;;--awb-content-font-style:normal;--awb-content-font-weight:400;\"><div class=\"panel-group fusion-toggle-icon-unboxed\" id=\"accordion-4560-1\"><div class=\"fusion-panel panel-default panel-7366e2a2f18fda725 fusion-toggle-no-divider fusion-toggle-boxed-mode\" style=\"--awb-title-color:var(--awb-color7);--awb-content-color:var(--awb-color5);\"><div class=\"panel-heading\"><h3 class=\"panel-title toggle\" id=\"toggle_7366e2a2f18fda725\"><a aria-expanded=\"false\" aria-controls=\"7366e2a2f18fda725\" role=\"button\" data-toggle=\"collapse\" data-parent=\"#accordion-4560-1\" data-target=\"#7366e2a2f18fda725\" href=\"#7366e2a2f18fda725\"><span class=\"fusion-toggle-icon-wrapper\" aria-hidden=\"true\"><i class=\"fa-fusion-box active-icon awb-icon-minus\" aria-hidden=\"true\"><\/i><i class=\"fa-fusion-box inactive-icon awb-icon-plus\" aria-hidden=\"true\"><\/i><\/span><span class=\"fusion-toggle-heading\">Nuestro experto, Gabi Guiard.<\/span><\/a><\/h3><\/div><div id=\"7366e2a2f18fda725\" class=\"panel-collapse collapse \" aria-labelledby=\"toggle_7366e2a2f18fda725\"><div class=\"panel-body toggle-content fusion-clearfix\">\n<p>Nac\u00ed en 1972 en Badalona, una ciudad junto al mar. Desde muy joven me sent\u00ed atra\u00eddo por las peque\u00f1as maravillas que ofrece el mar Mediterr\u00e1neo. Pero no iba a ser hasta a\u00f1os despu\u00e9s cuando descubr\u00ed una conexi\u00f3n con la naturaleza dif\u00edcil de describir, la luz y la vida salvaje de un continente que me transformar\u00eda para siempre: \u00c1frica. Aqu\u00ed empez\u00f3 mi verdadera pasi\u00f3n por capturar el mundo animal a trav\u00e9s de la fotograf\u00eda. Esta tierra me llena de felicidad y me permite ser creativo, donde siento y observo el fr\u00e1gil equilibrio entre la vida y la muerte. Intento capturar a trav\u00e9s de mi visor la maravillosa actuaci\u00f3n de la lucha por la supervivencia. Mis presas son mi forma individual de preservar un mundo que estamos destruyendo y NOS PERTENECE. Experimentamos juntos la grandeza de la naturaleza trayendo de vuelta a casa los mejores recuerdos e im\u00e1genes de la vida salvaje. <a href=\"https:\/\/gabiguiard.com\/\">www.gabiguiard.com<\/a><\/p>\n<\/div><\/div><\/div><\/div><\/div><\/div><\/div><div class=\"fusion-layout-column fusion_builder_column fusion-builder-column-2 fusion_builder_column_1_2 1_2 fusion-flex-column\" style=\"--awb-bg-size:cover;--awb-width-large:50%;--awb-margin-top-large:0px;--awb-spacing-right-large:3.84%;--awb-margin-bottom-large:20px;--awb-spacing-left-large:3.84%;--awb-width-medium:100%;--awb-order-medium:0;--awb-spacing-right-medium:1.92%;--awb-spacing-left-medium:1.92%;--awb-width-small:100%;--awb-order-small:0;--awb-spacing-right-small:1.92%;--awb-spacing-left-small:1.92%;\" data-scroll-devices=\"small-visibility,medium-visibility,large-visibility\"><div class=\"fusion-column-wrapper fusion-column-has-shadow fusion-flex-justify-content-flex-start fusion-content-layout-column\"><div class=\"fusion-builder-row fusion-builder-row-inner fusion-row fusion-flex-align-items-flex-start fusion-flex-content-wrap\" style=\"--awb-flex-grow:0;--awb-flex-grow-medium:0;--awb-flex-grow-small:0;--awb-flex-shrink:0;--awb-flex-shrink-medium:0;--awb-flex-shrink-small:0;width:104% !important;max-width:104% !important;margin-left: calc(-4% \/ 2 );margin-right: calc(-4% \/ 2 );\"><div class=\"fusion-layout-column fusion_builder_column_inner fusion-builder-nested-column-0 fusion_builder_column_inner_1_1 1_1 fusion-flex-column\" style=\"--awb-padding-top:20px;--awb-padding-right:20px;--awb-padding-left:20px;--awb-bg-color:var(--awb-color2);--awb-bg-color-hover:var(--awb-color2);--awb-bg-size:cover;--awb-border-color:var(--awb-color3);--awb-border-top:1px;--awb-border-right:1px;--awb-border-bottom:1px;--awb-border-left:1px;--awb-border-style:solid;--awb-width-large:100%;--awb-margin-top-large:50px;--awb-spacing-right-large:1.92%;--awb-margin-bottom-large:0px;--awb-spacing-left-large:1.92%;--awb-width-medium:100%;--awb-order-medium:0;--awb-spacing-right-medium:1.92%;--awb-spacing-left-medium:1.92%;--awb-width-small:100%;--awb-order-small:0;--awb-spacing-right-small:1.92%;--awb-spacing-left-small:1.92%;\" data-scroll-devices=\"small-visibility,medium-visibility,large-visibility\"><div class=\"fusion-column-wrapper fusion-column-has-shadow fusion-flex-justify-content-flex-start fusion-content-layout-column\"><i class=\"fb-icon-element-1 fb-icon-element fontawesome-icon icon-rodamail_outline circle-yes\" style=\"--awb-circlebordersize:1px;--awb-font-size:30.8px;--awb-width:61.6px;--awb-height:61.6px;--awb-line-height:59.6px;--awb-align-self:center;--awb-margin-top:-50px;--awb-margin-right:0px;--awb-margin-bottom:20px;--awb-margin-left:0px;\"><\/i><div class=\"fusion-title title fusion-title-3 fusion-sep-none fusion-title-center fusion-title-text fusion-title-size-four\" style=\"--awb-margin-bottom:20px;--awb-margin-top-small:0px;--awb-margin-right-small:0px;--awb-margin-bottom-small:20px;--awb-margin-left-small:0px;\"><h4 class=\"fusion-title-heading title-heading-center fusion-responsive-typography-calculated\" style=\"font-family:&quot;Lato&quot;;font-style:normal;font-weight:400;margin:0;--fontSize:18;--minFontSize:18;line-height:var(--awb-typography1-line-height);\">\u00bfQUIERES M\u00c1S INFORMACI\u00d3N DE ESTE VIAJE?<\/h4><\/div><p class=\"wpcf7-contact-form-not-found\"><strong>Error:<\/strong> Formulario de contacto no encontrado.<\/p><\/div><\/div><\/div><\/div><\/div><\/div><\/div><\/p>\n","protected":false},"excerpt":{"rendered":"","protected":false},"author":1,"featured_media":4034,"parent":4557,"menu_order":35,"comment_status":"closed","ping_status":"closed","template":"100-width.php","meta":{"_acf_changed":false,"footnotes":""},"class_list":["post-4560","page","type-page","status-publish","has-post-thumbnail","hentry"],"acf":[],"yoast_head":"<!-- This site is optimized with the Yoast SEO plugin v27.5 - https:\/\/yoast.com\/product\/yoast-seo-wordpress\/ -->\n<title>VIAJE FOTOGR\u00c1FICO - Roda Travel<\/title>\n<meta name=\"robots\" content=\"index, follow, max-snippet:-1, max-image-preview:large, max-video-preview:-1\" \/>\n<link rel=\"canonical\" href=\"https:\/\/roda.travel\/es\/destinaciones\/viajes-tematicos\/viaje-fotografico\/\" \/>\n<meta property=\"og:locale\" content=\"es_ES\" \/>\n<meta property=\"og:type\" content=\"article\" \/>\n<meta property=\"og:title\" content=\"VIAJE FOTOGR\u00c1FICO - Roda Travel\" \/>\n<meta property=\"og:url\" content=\"https:\/\/roda.travel\/es\/destinaciones\/viajes-tematicos\/viaje-fotografico\/\" \/>\n<meta property=\"og:site_name\" content=\"Roda Travel\" \/>\n<meta property=\"article:modified_time\" content=\"2024-11-27T07:27:20+00:00\" \/>\n<meta property=\"og:image\" content=\"https:\/\/roda.travel\/wp-content\/uploads\/2024\/09\/Viatge-Fotografic.jpg\" \/>\n\t<meta property=\"og:image:width\" content=\"1500\" \/>\n\t<meta property=\"og:image:height\" content=\"955\" \/>\n\t<meta property=\"og:image:type\" content=\"image\/jpeg\" \/>\n<meta name=\"twitter:card\" content=\"summary_large_image\" \/>\n<meta name=\"twitter:label1\" content=\"Tiempo de lectura\" \/>\n\t<meta name=\"twitter:data1\" content=\"2 minutos\" \/>\n<script type=\"application\/ld+json\" class=\"yoast-schema-graph\">{\"@context\":\"https:\\\/\\\/schema.org\",\"@graph\":[{\"@type\":\"WebPage\",\"@id\":\"https:\\\/\\\/roda.travel\\\/es\\\/destinaciones\\\/viajes-tematicos\\\/viaje-fotografico\\\/\",\"url\":\"https:\\\/\\\/roda.travel\\\/es\\\/destinaciones\\\/viajes-tematicos\\\/viaje-fotografico\\\/\",\"name\":\"VIAJE FOTOGR\u00c1FICO - Roda Travel\",\"isPartOf\":{\"@id\":\"https:\\\/\\\/roda.travel\\\/es\\\/#website\"},\"primaryImageOfPage\":{\"@id\":\"https:\\\/\\\/roda.travel\\\/es\\\/destinaciones\\\/viajes-tematicos\\\/viaje-fotografico\\\/#primaryimage\"},\"image\":{\"@id\":\"https:\\\/\\\/roda.travel\\\/es\\\/destinaciones\\\/viajes-tematicos\\\/viaje-fotografico\\\/#primaryimage\"},\"thumbnailUrl\":\"https:\\\/\\\/roda.travel\\\/wp-content\\\/uploads\\\/2024\\\/09\\\/Viatge-Fotografic.jpg\",\"datePublished\":\"2024-09-03T12:25:11+00:00\",\"dateModified\":\"2024-11-27T07:27:20+00:00\",\"breadcrumb\":{\"@id\":\"https:\\\/\\\/roda.travel\\\/es\\\/destinaciones\\\/viajes-tematicos\\\/viaje-fotografico\\\/#breadcrumb\"},\"inLanguage\":\"es\",\"potentialAction\":[{\"@type\":\"ReadAction\",\"target\":[\"https:\\\/\\\/roda.travel\\\/es\\\/destinaciones\\\/viajes-tematicos\\\/viaje-fotografico\\\/\"]}]},{\"@type\":\"ImageObject\",\"inLanguage\":\"es\",\"@id\":\"https:\\\/\\\/roda.travel\\\/es\\\/destinaciones\\\/viajes-tematicos\\\/viaje-fotografico\\\/#primaryimage\",\"url\":\"https:\\\/\\\/roda.travel\\\/wp-content\\\/uploads\\\/2024\\\/09\\\/Viatge-Fotografic.jpg\",\"contentUrl\":\"https:\\\/\\\/roda.travel\\\/wp-content\\\/uploads\\\/2024\\\/09\\\/Viatge-Fotografic.jpg\",\"width\":1500,\"height\":955},{\"@type\":\"BreadcrumbList\",\"@id\":\"https:\\\/\\\/roda.travel\\\/es\\\/destinaciones\\\/viajes-tematicos\\\/viaje-fotografico\\\/#breadcrumb\",\"itemListElement\":[{\"@type\":\"ListItem\",\"position\":1,\"name\":\"Inici\",\"item\":\"https:\\\/\\\/roda.travel\\\/es\\\/\"},{\"@type\":\"ListItem\",\"position\":2,\"name\":\"OTROS VIAJES\",\"item\":\"https:\\\/\\\/roda.travel\\\/es\\\/destinaciones\\\/\"},{\"@type\":\"ListItem\",\"position\":3,\"name\":\"VIAJES TEM\u00c1TICOS\",\"item\":\"https:\\\/\\\/roda.travel\\\/es\\\/destinaciones\\\/viajes-tematicos\\\/\"},{\"@type\":\"ListItem\",\"position\":4,\"name\":\"VIAJE FOTOGR\u00c1FICO\"}]},{\"@type\":\"WebSite\",\"@id\":\"https:\\\/\\\/roda.travel\\\/es\\\/#website\",\"url\":\"https:\\\/\\\/roda.travel\\\/es\\\/\",\"name\":\"Roda Travel\",\"description\":\"\",\"potentialAction\":[{\"@type\":\"SearchAction\",\"target\":{\"@type\":\"EntryPoint\",\"urlTemplate\":\"https:\\\/\\\/roda.travel\\\/es\\\/?s={search_term_string}\"},\"query-input\":{\"@type\":\"PropertyValueSpecification\",\"valueRequired\":true,\"valueName\":\"search_term_string\"}}],\"inLanguage\":\"es\"}]}<\/script>\n<!-- \/ Yoast SEO plugin. -->","yoast_head_json":{"title":"VIAJE FOTOGR\u00c1FICO - Roda Travel","robots":{"index":"index","follow":"follow","max-snippet":"max-snippet:-1","max-image-preview":"max-image-preview:large","max-video-preview":"max-video-preview:-1"},"canonical":"https:\/\/roda.travel\/es\/destinaciones\/viajes-tematicos\/viaje-fotografico\/","og_locale":"es_ES","og_type":"article","og_title":"VIAJE FOTOGR\u00c1FICO - Roda Travel","og_url":"https:\/\/roda.travel\/es\/destinaciones\/viajes-tematicos\/viaje-fotografico\/","og_site_name":"Roda Travel","article_modified_time":"2024-11-27T07:27:20+00:00","og_image":[{"width":1500,"height":955,"url":"https:\/\/roda.travel\/wp-content\/uploads\/2024\/09\/Viatge-Fotografic.jpg","type":"image\/jpeg"}],"twitter_card":"summary_large_image","twitter_misc":{"Tiempo de lectura":"2 minutos"},"schema":{"@context":"https:\/\/schema.org","@graph":[{"@type":"WebPage","@id":"https:\/\/roda.travel\/es\/destinaciones\/viajes-tematicos\/viaje-fotografico\/","url":"https:\/\/roda.travel\/es\/destinaciones\/viajes-tematicos\/viaje-fotografico\/","name":"VIAJE FOTOGR\u00c1FICO - Roda Travel","isPartOf":{"@id":"https:\/\/roda.travel\/es\/#website"},"primaryImageOfPage":{"@id":"https:\/\/roda.travel\/es\/destinaciones\/viajes-tematicos\/viaje-fotografico\/#primaryimage"},"image":{"@id":"https:\/\/roda.travel\/es\/destinaciones\/viajes-tematicos\/viaje-fotografico\/#primaryimage"},"thumbnailUrl":"https:\/\/roda.travel\/wp-content\/uploads\/2024\/09\/Viatge-Fotografic.jpg","datePublished":"2024-09-03T12:25:11+00:00","dateModified":"2024-11-27T07:27:20+00:00","breadcrumb":{"@id":"https:\/\/roda.travel\/es\/destinaciones\/viajes-tematicos\/viaje-fotografico\/#breadcrumb"},"inLanguage":"es","potentialAction":[{"@type":"ReadAction","target":["https:\/\/roda.travel\/es\/destinaciones\/viajes-tematicos\/viaje-fotografico\/"]}]},{"@type":"ImageObject","inLanguage":"es","@id":"https:\/\/roda.travel\/es\/destinaciones\/viajes-tematicos\/viaje-fotografico\/#primaryimage","url":"https:\/\/roda.travel\/wp-content\/uploads\/2024\/09\/Viatge-Fotografic.jpg","contentUrl":"https:\/\/roda.travel\/wp-content\/uploads\/2024\/09\/Viatge-Fotografic.jpg","width":1500,"height":955},{"@type":"BreadcrumbList","@id":"https:\/\/roda.travel\/es\/destinaciones\/viajes-tematicos\/viaje-fotografico\/#breadcrumb","itemListElement":[{"@type":"ListItem","position":1,"name":"Inici","item":"https:\/\/roda.travel\/es\/"},{"@type":"ListItem","position":2,"name":"OTROS VIAJES","item":"https:\/\/roda.travel\/es\/destinaciones\/"},{"@type":"ListItem","position":3,"name":"VIAJES TEM\u00c1TICOS","item":"https:\/\/roda.travel\/es\/destinaciones\/viajes-tematicos\/"},{"@type":"ListItem","position":4,"name":"VIAJE FOTOGR\u00c1FICO"}]},{"@type":"WebSite","@id":"https:\/\/roda.travel\/es\/#website","url":"https:\/\/roda.travel\/es\/","name":"Roda Travel","description":"","potentialAction":[{"@type":"SearchAction","target":{"@type":"EntryPoint","urlTemplate":"https:\/\/roda.travel\/es\/?s={search_term_string}"},"query-input":{"@type":"PropertyValueSpecification","valueRequired":true,"valueName":"search_term_string"}}],"inLanguage":"es"}]}},"_links":{"self":[{"href":"https:\/\/roda.travel\/es\/wp-json\/wp\/v2\/pages\/4560","targetHints":{"allow":["GET"]}}],"collection":[{"href":"https:\/\/roda.travel\/es\/wp-json\/wp\/v2\/pages"}],"about":[{"href":"https:\/\/roda.travel\/es\/wp-json\/wp\/v2\/types\/page"}],"author":[{"embeddable":true,"href":"https:\/\/roda.travel\/es\/wp-json\/wp\/v2\/users\/1"}],"replies":[{"embeddable":true,"href":"https:\/\/roda.travel\/es\/wp-json\/wp\/v2\/comments?post=4560"}],"version-history":[{"count":1,"href":"https:\/\/roda.travel\/es\/wp-json\/wp\/v2\/pages\/4560\/revisions"}],"predecessor-version":[{"id":5523,"href":"https:\/\/roda.travel\/es\/wp-json\/wp\/v2\/pages\/4560\/revisions\/5523"}],"up":[{"embeddable":true,"href":"https:\/\/roda.travel\/es\/wp-json\/wp\/v2\/pages\/4557"}],"wp:featuredmedia":[{"embeddable":true,"href":"https:\/\/roda.travel\/es\/wp-json\/wp\/v2\/media\/4034"}],"wp:attachment":[{"href":"https:\/\/roda.travel\/es\/wp-json\/wp\/v2\/media?parent=4560"}],"curies":[{"name":"wp","href":"https:\/\/api.w.org\/{rel}","templated":true}]}}