{"id":4554,"date":"2024-04-19T13:48:05","date_gmt":"2024-04-19T11:48:05","guid":{"rendered":"https:\/\/roda.travel\/destinaciones\/circuitos\/"},"modified":"2024-11-20T09:41:40","modified_gmt":"2024-11-20T07:41:40","slug":"crea-tu-viaje","status":"publish","type":"page","link":"https:\/\/roda.travel\/es\/destinaciones\/crea-tu-viaje\/","title":{"rendered":"CREA TU VIAJE"},"content":{"rendered":"<p><div class=\"fusion-fullwidth fullwidth-box fusion-builder-row-1 fusion-flex-container has-pattern-background has-mask-background hundred-percent-fullwidth non-hundred-percent-height-scrolling\" style=\"--awb-border-radius-top-left:0px;--awb-border-radius-top-right:0px;--awb-border-radius-bottom-right:0px;--awb-border-radius-bottom-left:0px;--awb-padding-right:3%;--awb-padding-left:3%;--awb-margin-top:0px;--awb-margin-bottom:40px;--awb-flex-wrap:wrap;\" ><div class=\"fusion-builder-row fusion-row fusion-flex-align-items-flex-start fusion-flex-justify-content-center fusion-flex-content-wrap\" style=\"width:104% !important;max-width:104% !important;margin-left: calc(-4% \/ 2 );margin-right: calc(-4% \/ 2 );\"><div class=\"fusion-layout-column fusion_builder_column fusion-builder-column-0 fusion_builder_column_3_4 3_4 fusion-flex-column\" style=\"--awb-bg-size:cover;--awb-width-large:75%;--awb-margin-top-large:0px;--awb-spacing-right-large:2.56%;--awb-margin-bottom-large:20px;--awb-spacing-left-large:2.56%;--awb-width-medium:100%;--awb-order-medium:0;--awb-spacing-right-medium:1.92%;--awb-spacing-left-medium:1.92%;--awb-width-small:100%;--awb-order-small:0;--awb-spacing-right-small:1.92%;--awb-spacing-left-small:1.92%;\" data-scroll-devices=\"small-visibility,medium-visibility,large-visibility\"><div class=\"fusion-column-wrapper fusion-column-has-shadow fusion-flex-justify-content-flex-start fusion-content-layout-column\"><div class=\"fusion-separator\" style=\"align-self: center;margin-left: auto;margin-right: auto;margin-top:35px;margin-bottom:20px;width:100%;max-width:170px;\"><div class=\"fusion-separator-border sep-single sep-solid\" style=\"--awb-height:20px;--awb-amount:20px;--awb-sep-color:var(--awb-color2);border-color:var(--awb-color2);border-top-width:25px;\"><\/div><\/div><div class=\"fusion-title title fusion-title-1 fusion-sep-none fusion-title-center fusion-title-text fusion-title-size-two\" style=\"--awb-margin-bottom:20px;--awb-font-size:35px;\"><h2 class=\"fusion-title-heading title-heading-center fusion-responsive-typography-calculated\" style=\"font-family:&quot;Lato&quot;;font-style:normal;font-weight:300;margin:0;text-transform:uppercase;font-size:1em;--fontSize:35;line-height:var(--awb-typography1-line-height);\">Busca tu viaje o encuentra tu circuito<\/h2><\/div><div class=\"fusion-title title fusion-title-2 fusion-sep-none fusion-title-center fusion-title-text fusion-title-size-three\" style=\"--awb-font-size:22px;\"><h3 class=\"fusion-title-heading title-heading-center fusion-responsive-typography-calculated\" style=\"font-family:&quot;Lato&quot;;font-style:normal;font-weight:400;margin:0;font-size:1em;--fontSize:22;--minFontSize:22;line-height:1.6;\">Os ofrecemos esta herramienta que hemos trabajado con un grupo de agencias para competir con las grandes multinacionales tur\u00edsticas, con estos buscadores podr\u00e1 encontrar los mejores precios para que se organice usted mismo el viaje. Tenemos circuitos organizados por destino o tipo de viaje, alojamientos de todas las categor\u00edas, quieres con todas las compa\u00f1\u00edas y trenes por doquier. Adem\u00e1s, a diferencia de la mayor\u00eda de buscadores, nosotros estamos detr\u00e1s y damos la cara.<\/h3><\/div><\/div><\/div><\/div><\/div><div class=\"fusion-fullwidth fullwidth-box fusion-builder-row-2 fusion-flex-container has-pattern-background has-mask-background nonhundred-percent-fullwidth non-hundred-percent-height-scrolling\" style=\"--awb-background-position:left top;--awb-border-sizes-top:0px;--awb-border-sizes-bottom:0px;--awb-border-sizes-left:0px;--awb-border-sizes-right:0px;--awb-border-radius-top-left:0px;--awb-border-radius-top-right:0px;--awb-border-radius-bottom-right:0px;--awb-border-radius-bottom-left:0px;--awb-padding-top:0px;--awb-padding-right:7%;--awb-padding-bottom:0px;--awb-padding-left:7%;--awb-margin-top:50px;--awb-margin-bottom:30px;--awb-flex-wrap:wrap;\" ><div class=\"fusion-builder-row fusion-row fusion-flex-align-items-flex-start fusion-flex-content-wrap\" style=\"max-width:1216.8px;margin-left: calc(-4% \/ 2 );margin-right: calc(-4% \/ 2 );\"><div class=\"fusion-layout-column fusion_builder_column fusion-builder-column-1 fusion_builder_column_1_1 1_1 fusion-flex-column\" style=\"--awb-bg-size:cover;--awb-width-large:100%;--awb-margin-top-large:0px;--awb-spacing-right-large:1.92%;--awb-margin-bottom-large:20px;--awb-spacing-left-large:1.92%;--awb-width-medium:100%;--awb-order-medium:0;--awb-spacing-right-medium:1.92%;--awb-spacing-left-medium:1.92%;--awb-width-small:100%;--awb-order-small:0;--awb-spacing-right-small:1.92%;--awb-spacing-left-small:1.92%;\"><div class=\"fusion-column-wrapper fusion-column-has-shadow fusion-flex-justify-content-flex-start fusion-content-layout-column\"><iframe src=\"https:\/\/booking.teamgroup.es\/public\/widget\/464502\/27151319?selected_tab=H&trackpurchase=id\" \n        width=\"100%\" \n        height=\"600\" \n        frameborder=\"0\" \n        style=\"border:0;\">\n<\/iframe><\/div><\/div><\/div><\/div><\/p>\n","protected":false},"excerpt":{"rendered":"","protected":false},"author":1,"featured_media":4882,"parent":1466,"menu_order":33,"comment_status":"closed","ping_status":"closed","template":"100-width.php","meta":{"_acf_changed":false,"footnotes":""},"class_list":["post-4554","page","type-page","status-publish","has-post-thumbnail","hentry"],"acf":[],"yoast_head":"<!-- This site is optimized with the Yoast SEO plugin v27.0 - https:\/\/yoast.com\/product\/yoast-seo-wordpress\/ -->\n<title>CREA TU VIAJE - Roda Travel<\/title>\n<meta name=\"robots\" content=\"index, follow, max-snippet:-1, max-image-preview:large, max-video-preview:-1\" \/>\n<link rel=\"canonical\" href=\"https:\/\/roda.travel\/es\/destinaciones\/crea-tu-viaje\/\" \/>\n<meta property=\"og:locale\" content=\"es_ES\" \/>\n<meta property=\"og:type\" content=\"article\" \/>\n<meta property=\"og:title\" content=\"CREA TU VIAJE - Roda Travel\" \/>\n<meta property=\"og:url\" content=\"https:\/\/roda.travel\/es\/destinaciones\/crea-tu-viaje\/\" \/>\n<meta property=\"og:site_name\" content=\"Roda Travel\" \/>\n<meta property=\"article:modified_time\" content=\"2024-11-20T07:41:40+00:00\" \/>\n<meta property=\"og:image\" content=\"https:\/\/roda.travel\/wp-content\/uploads\/2024\/10\/Familia-aeroport-3-RODA.jpg\" \/>\n\t<meta property=\"og:image:width\" content=\"2200\" \/>\n\t<meta property=\"og:image:height\" content=\"872\" \/>\n\t<meta property=\"og:image:type\" content=\"image\/jpeg\" \/>\n<meta name=\"twitter:card\" content=\"summary_large_image\" \/>\n<meta name=\"twitter:label1\" content=\"Tiempo de lectura\" \/>\n\t<meta name=\"twitter:data1\" content=\"1 minuto\" \/>\n<script type=\"application\/ld+json\" class=\"yoast-schema-graph\">{\"@context\":\"https:\/\/schema.org\",\"@graph\":[{\"@type\":\"WebPage\",\"@id\":\"https:\/\/roda.travel\/es\/destinaciones\/crea-tu-viaje\/\",\"url\":\"https:\/\/roda.travel\/es\/destinaciones\/crea-tu-viaje\/\",\"name\":\"CREA TU VIAJE - Roda Travel\",\"isPartOf\":{\"@id\":\"https:\/\/roda.travel\/es\/#website\"},\"primaryImageOfPage\":{\"@id\":\"https:\/\/roda.travel\/es\/destinaciones\/crea-tu-viaje\/#primaryimage\"},\"image\":{\"@id\":\"https:\/\/roda.travel\/es\/destinaciones\/crea-tu-viaje\/#primaryimage\"},\"thumbnailUrl\":\"https:\/\/roda.travel\/wp-content\/uploads\/2024\/10\/Familia-aeroport-3-RODA.jpg\",\"datePublished\":\"2024-04-19T11:48:05+00:00\",\"dateModified\":\"2024-11-20T07:41:40+00:00\",\"breadcrumb\":{\"@id\":\"https:\/\/roda.travel\/es\/destinaciones\/crea-tu-viaje\/#breadcrumb\"},\"inLanguage\":\"es\",\"potentialAction\":[{\"@type\":\"ReadAction\",\"target\":[\"https:\/\/roda.travel\/es\/destinaciones\/crea-tu-viaje\/\"]}]},{\"@type\":\"ImageObject\",\"inLanguage\":\"es\",\"@id\":\"https:\/\/roda.travel\/es\/destinaciones\/crea-tu-viaje\/#primaryimage\",\"url\":\"https:\/\/roda.travel\/wp-content\/uploads\/2024\/10\/Familia-aeroport-3-RODA.jpg\",\"contentUrl\":\"https:\/\/roda.travel\/wp-content\/uploads\/2024\/10\/Familia-aeroport-3-RODA.jpg\",\"width\":2200,\"height\":872},{\"@type\":\"BreadcrumbList\",\"@id\":\"https:\/\/roda.travel\/es\/destinaciones\/crea-tu-viaje\/#breadcrumb\",\"itemListElement\":[{\"@type\":\"ListItem\",\"position\":1,\"name\":\"Inici\",\"item\":\"https:\/\/roda.travel\/es\/\"},{\"@type\":\"ListItem\",\"position\":2,\"name\":\"OTROS VIAJES\",\"item\":\"https:\/\/roda.travel\/es\/destinaciones\/\"},{\"@type\":\"ListItem\",\"position\":3,\"name\":\"CREA TU VIAJE\"}]},{\"@type\":\"WebSite\",\"@id\":\"https:\/\/roda.travel\/es\/#website\",\"url\":\"https:\/\/roda.travel\/es\/\",\"name\":\"Roda Travel\",\"description\":\"\",\"potentialAction\":[{\"@type\":\"SearchAction\",\"target\":{\"@type\":\"EntryPoint\",\"urlTemplate\":\"https:\/\/roda.travel\/es\/?s={search_term_string}\"},\"query-input\":{\"@type\":\"PropertyValueSpecification\",\"valueRequired\":true,\"valueName\":\"search_term_string\"}}],\"inLanguage\":\"es\"}]}<\/script>\n<!-- \/ Yoast SEO plugin. -->","yoast_head_json":{"title":"CREA TU VIAJE - Roda Travel","robots":{"index":"index","follow":"follow","max-snippet":"max-snippet:-1","max-image-preview":"max-image-preview:large","max-video-preview":"max-video-preview:-1"},"canonical":"https:\/\/roda.travel\/es\/destinaciones\/crea-tu-viaje\/","og_locale":"es_ES","og_type":"article","og_title":"CREA TU VIAJE - Roda Travel","og_url":"https:\/\/roda.travel\/es\/destinaciones\/crea-tu-viaje\/","og_site_name":"Roda Travel","article_modified_time":"2024-11-20T07:41:40+00:00","og_image":[{"width":2200,"height":872,"url":"https:\/\/roda.travel\/wp-content\/uploads\/2024\/10\/Familia-aeroport-3-RODA.jpg","type":"image\/jpeg"}],"twitter_card":"summary_large_image","twitter_misc":{"Tiempo de lectura":"1 minuto"},"schema":{"@context":"https:\/\/schema.org","@graph":[{"@type":"WebPage","@id":"https:\/\/roda.travel\/es\/destinaciones\/crea-tu-viaje\/","url":"https:\/\/roda.travel\/es\/destinaciones\/crea-tu-viaje\/","name":"CREA TU VIAJE - Roda Travel","isPartOf":{"@id":"https:\/\/roda.travel\/es\/#website"},"primaryImageOfPage":{"@id":"https:\/\/roda.travel\/es\/destinaciones\/crea-tu-viaje\/#primaryimage"},"image":{"@id":"https:\/\/roda.travel\/es\/destinaciones\/crea-tu-viaje\/#primaryimage"},"thumbnailUrl":"https:\/\/roda.travel\/wp-content\/uploads\/2024\/10\/Familia-aeroport-3-RODA.jpg","datePublished":"2024-04-19T11:48:05+00:00","dateModified":"2024-11-20T07:41:40+00:00","breadcrumb":{"@id":"https:\/\/roda.travel\/es\/destinaciones\/crea-tu-viaje\/#breadcrumb"},"inLanguage":"es","potentialAction":[{"@type":"ReadAction","target":["https:\/\/roda.travel\/es\/destinaciones\/crea-tu-viaje\/"]}]},{"@type":"ImageObject","inLanguage":"es","@id":"https:\/\/roda.travel\/es\/destinaciones\/crea-tu-viaje\/#primaryimage","url":"https:\/\/roda.travel\/wp-content\/uploads\/2024\/10\/Familia-aeroport-3-RODA.jpg","contentUrl":"https:\/\/roda.travel\/wp-content\/uploads\/2024\/10\/Familia-aeroport-3-RODA.jpg","width":2200,"height":872},{"@type":"BreadcrumbList","@id":"https:\/\/roda.travel\/es\/destinaciones\/crea-tu-viaje\/#breadcrumb","itemListElement":[{"@type":"ListItem","position":1,"name":"Inici","item":"https:\/\/roda.travel\/es\/"},{"@type":"ListItem","position":2,"name":"OTROS VIAJES","item":"https:\/\/roda.travel\/es\/destinaciones\/"},{"@type":"ListItem","position":3,"name":"CREA TU VIAJE"}]},{"@type":"WebSite","@id":"https:\/\/roda.travel\/es\/#website","url":"https:\/\/roda.travel\/es\/","name":"Roda Travel","description":"","potentialAction":[{"@type":"SearchAction","target":{"@type":"EntryPoint","urlTemplate":"https:\/\/roda.travel\/es\/?s={search_term_string}"},"query-input":{"@type":"PropertyValueSpecification","valueRequired":true,"valueName":"search_term_string"}}],"inLanguage":"es"}]}},"_links":{"self":[{"href":"https:\/\/roda.travel\/es\/wp-json\/wp\/v2\/pages\/4554","targetHints":{"allow":["GET"]}}],"collection":[{"href":"https:\/\/roda.travel\/es\/wp-json\/wp\/v2\/pages"}],"about":[{"href":"https:\/\/roda.travel\/es\/wp-json\/wp\/v2\/types\/page"}],"author":[{"embeddable":true,"href":"https:\/\/roda.travel\/es\/wp-json\/wp\/v2\/users\/1"}],"replies":[{"embeddable":true,"href":"https:\/\/roda.travel\/es\/wp-json\/wp\/v2\/comments?post=4554"}],"version-history":[{"count":11,"href":"https:\/\/roda.travel\/es\/wp-json\/wp\/v2\/pages\/4554\/revisions"}],"predecessor-version":[{"id":5574,"href":"https:\/\/roda.travel\/es\/wp-json\/wp\/v2\/pages\/4554\/revisions\/5574"}],"up":[{"embeddable":true,"href":"https:\/\/roda.travel\/es\/wp-json\/wp\/v2\/pages\/1466"}],"wp:featuredmedia":[{"embeddable":true,"href":"https:\/\/roda.travel\/es\/wp-json\/wp\/v2\/media\/4882"}],"wp:attachment":[{"href":"https:\/\/roda.travel\/es\/wp-json\/wp\/v2\/media?parent=4554"}],"curies":[{"name":"wp","href":"https:\/\/api.w.org\/{rel}","templated":true}]}}